{"id":16392,"date":"2023-04-04T13:17:28","date_gmt":"2023-04-04T10:17:28","guid":{"rendered":"https:\/\/romanian-romance.com\/contact\/"},"modified":"2025-02-24T20:33:09","modified_gmt":"2025-02-24T18:33:09","slug":"contact","status":"publish","type":"page","link":"https:\/\/romanian-romance.com\/en\/contact\/","title":{"rendered":"Contact"},"content":{"rendered":"\t\t<div data-elementor-type=\"wp-page\" data-elementor-id=\"16392\" class=\"elementor elementor-16392 elementor-112\" data-elementor-post-type=\"page\">\n\t\t\t\t\t\t\t<div class=\"elementor-element elementor-element-b416d4a e-flex e-con-boxed e-con\" data-id=\"b416d4a\" data-element_type=\"container\" data-settings=\"{&quot;background_background&quot;:&quot;classic&quot;,&quot;jet_parallax_layout_list&quot;:[],&quot;content_width&quot;:&quot;boxed&quot;}\">\n\t\t\t\t\t<div class=\"e-con-inner\">\n\t\t\t\t\t<\/div>\n\t\t\t\t<\/div>\n\t\t<div class=\"elementor-element elementor-element-9284ca6 e-con-full e-flex e-con\" data-id=\"9284ca6\" data-element_type=\"container\" data-settings=\"{&quot;content_width&quot;:&quot;full&quot;,&quot;jet_parallax_layout_list&quot;:[]}\">\n\t\t\t\t<div class=\"elementor-element elementor-element-32a63fe elementor-widget elementor-widget-template\" data-id=\"32a63fe\" data-element_type=\"widget\" data-widget_type=\"template.default\">\n\t\t\t\t<div class=\"elementor-widget-container\">\n\t\t\t\t\t<div class=\"elementor-template\">\n\t\t\t\t\t<div data-elementor-type=\"container\" data-elementor-id=\"21378\" class=\"elementor elementor-21378\" data-elementor-post-type=\"elementor_library\">\n\t\t\t\t\t\t\t<div class=\"elementor-element elementor-element-6f08b187 e-flex e-con-boxed e-con\" data-id=\"6f08b187\" data-element_type=\"container\" data-settings=\"{&quot;jet_parallax_layout_list&quot;:[],&quot;content_width&quot;:&quot;boxed&quot;}\">\n\t\t\t\t\t<div class=\"e-con-inner\">\n\t\t\t\t<div class=\"elementor-element elementor-element-44494598 elementor-hidden-tablet elementor-hidden-mobile elementor-widget elementor-widget-image\" data-id=\"44494598\" data-element_type=\"widget\" data-widget_type=\"image.default\">\n\t\t\t\t<div class=\"elementor-widget-container\">\n\t\t\t<style>\/*! elementor - v3.15.0 - 20-08-2023 *\/\n.elementor-widget-image{text-align:center}.elementor-widget-image a{display:inline-block}.elementor-widget-image a img[src$=\".svg\"]{width:48px}.elementor-widget-image img{vertical-align:middle;display:inline-block}<\/style>\t\t\t\t\t\t\t\t\t\t\t\t\t<a href=\"\/go-to\/tophotel-awards-2025\" target=\"_blank\">\n\t\t\t\t\t\t\t<img decoding=\"async\" width=\"728\" height=\"90\" src=\"https:\/\/romanian-romance.com\/wp-content\/uploads\/2025\/02\/banner-1.webp\" class=\"attachment-full size-full wp-image-21445\" alt=\"\" srcset=\"https:\/\/romanian-romance.com\/wp-content\/uploads\/2025\/02\/banner-1.webp 728w, https:\/\/romanian-romance.com\/wp-content\/uploads\/2025\/02\/banner-1-600x74.webp 600w\" sizes=\"(max-width: 728px) 100vw, 728px\" \/>\t\t\t\t\t\t\t\t<\/a>\n\t\t\t\t\t\t\t\t\t\t\t\t\t\t\t<\/div>\n\t\t\t\t<\/div>\n\t\t\t\t<div class=\"elementor-element elementor-element-2f948751 elementor-hidden-desktop elementor-hidden-mobile elementor-widget elementor-widget-image\" data-id=\"2f948751\" data-element_type=\"widget\" data-widget_type=\"image.default\">\n\t\t\t\t<div class=\"elementor-widget-container\">\n\t\t\t\t\t\t\t\t\t\t\t\t\t\t\t\t<a href=\"\/go-to\/tophotel-awards-2025\" target=\"_blank\">\n\t\t\t\t\t\t\t<img decoding=\"async\" width=\"336\" height=\"280\" src=\"https:\/\/romanian-romance.com\/wp-content\/uploads\/2025\/02\/banner-2.webp\" class=\"attachment-full size-full wp-image-21449\" alt=\"\" \/>\t\t\t\t\t\t\t\t<\/a>\n\t\t\t\t\t\t\t\t\t\t\t\t\t\t\t<\/div>\n\t\t\t\t<\/div>\n\t\t\t\t<div class=\"elementor-element elementor-element-589c1cd4 elementor-hidden-desktop elementor-hidden-tablet elementor-widget elementor-widget-image\" data-id=\"589c1cd4\" data-element_type=\"widget\" data-widget_type=\"image.default\">\n\t\t\t\t<div class=\"elementor-widget-container\">\n\t\t\t\t\t\t\t\t\t\t\t\t\t\t\t\t<a href=\"\/go-to\/tophotel-awards-2025\" target=\"_blank\">\n\t\t\t\t\t\t\t<img decoding=\"async\" width=\"300\" height=\"250\" src=\"https:\/\/romanian-romance.com\/wp-content\/uploads\/2025\/02\/banner-3.webp\" class=\"attachment-full size-full wp-image-21451\" alt=\"\" \/>\t\t\t\t\t\t\t\t<\/a>\n\t\t\t\t\t\t\t\t\t\t\t\t\t\t\t<\/div>\n\t\t\t\t<\/div>\n\t\t\t\t\t<\/div>\n\t\t\t\t<\/div>\n\t\t\t\t\t\t\t<\/div>\n\t\t\t\t<\/div>\n\t\t\t\t<\/div>\n\t\t\t\t<\/div>\n\t\t\t\t<\/div>\n\t\t<div class=\"elementor-element elementor-element-4a4ae88 e-flex e-con-boxed e-con\" data-id=\"4a4ae88\" data-element_type=\"container\" data-settings=\"{&quot;jet_parallax_layout_list&quot;:[],&quot;content_width&quot;:&quot;boxed&quot;}\">\n\t\t\t\t\t<div class=\"e-con-inner\">\n\t\t\t\t<div class=\"elementor-element elementor-element-ec03a2d elementor-widget__width-initial elementor-widget-tablet__width-initial elementor-widget-mobile__width-inherit elementor-hidden-mobile elementor-widget elementor-widget-image\" data-id=\"ec03a2d\" data-element_type=\"widget\" data-settings=\"{&quot;sticky&quot;:&quot;top&quot;,&quot;sticky_on&quot;:[&quot;tablet&quot;],&quot;sticky_offset_tablet&quot;:20,&quot;sticky_parent&quot;:&quot;yes&quot;,&quot;sticky_offset&quot;:0,&quot;sticky_effects_offset&quot;:0}\" data-widget_type=\"image.default\">\n\t\t\t\t<div class=\"elementor-widget-container\">\n\t\t\t\t\t\t\t\t\t\t\t\t\t\t\t<img decoding=\"async\" width=\"218\" height=\"345\" src=\"https:\/\/romanian-romance.com\/wp-content\/uploads\/rr-contact-logo.webp\" class=\"attachment-full size-full wp-image-659\" alt=\"\" \/>\t\t\t\t\t\t\t\t\t\t\t\t\t\t\t<\/div>\n\t\t\t\t<\/div>\n\t\t<div class=\"elementor-element elementor-element-1a70534 e-con-full e-flex e-con\" data-id=\"1a70534\" data-element_type=\"container\" data-settings=\"{&quot;content_width&quot;:&quot;full&quot;,&quot;jet_parallax_layout_list&quot;:[]}\">\n\t\t\t\t<div class=\"elementor-element elementor-element-df2d249 stf-p-link elementor-widget elementor-widget-text-editor\" data-id=\"df2d249\" data-element_type=\"widget\" data-widget_type=\"text-editor.default\">\n\t\t\t\t<div class=\"elementor-widget-container\">\n\t\t\t<style>\/*! elementor - v3.15.0 - 20-08-2023 *\/\n.elementor-widget-text-editor.elementor-drop-cap-view-stacked .elementor-drop-cap{background-color:#69727d;color:#fff}.elementor-widget-text-editor.elementor-drop-cap-view-framed .elementor-drop-cap{color:#69727d;border:3px solid;background-color:transparent}.elementor-widget-text-editor:not(.elementor-drop-cap-view-default) .elementor-drop-cap{margin-top:8px}.elementor-widget-text-editor:not(.elementor-drop-cap-view-default) .elementor-drop-cap-letter{width:1em;height:1em}.elementor-widget-text-editor .elementor-drop-cap{float:left;text-align:center;line-height:1;font-size:50px}.elementor-widget-text-editor .elementor-drop-cap-letter{display:inline-block}<\/style>\t\t\t\t<p>Pentru colabor\u0103ri v\u0103 rug\u0103m s\u0103 ne contacta\u021bi pe adresa de email\u00a0<a href=\"mailto:arm@romanian-romance.com\">arm@romanian-romance.com<\/a>. Pentru orice alte \u00eentreb\u0103ri v\u0103 rug\u0103m s\u0103 utiliza\u021bi formularul de mai jos.<\/p>\t\t\t\t\t\t<\/div>\n\t\t\t\t<\/div>\n\t\t\t\t<div class=\"elementor-element elementor-element-7eab02b elementor-widget elementor-widget-jet-form-builder-form\" data-id=\"7eab02b\" data-element_type=\"widget\" data-widget_type=\"jet-form-builder-form.default\">\n\t\t\t\t<div class=\"elementor-widget-container\">\n\t\t\t<link rel='stylesheet' id='wp-block-library-css' href='https:\/\/romanian-romance.com\/wp-includes\/css\/dist\/block-library\/style.min.css?ver=ea15e84904621862ecfd182e92bc02df' media='all' \/>\n<link rel=\"preconnect\" href=\"https:\/\/fonts.gstatic.com\"><style id=\"jet-form-builder-631-inline-css\">.jet-sm-gb-8827859a-8425-4307-8549-9554b4d3e652 .jet-form-builder__desc.jet-form-builder__desc.jet-form-builder__desc{background-color: ;} .jet-sm-gb-8827859a-8425-4307-8549-9554b4d3e652 .jet-form-builder__field-wrap input{font-family: inherit; font-weight: 100; text-transform: inherit; font-style: inherit; text-decoration: inherit; line-height: 1; letter-spacing: 0px; font-size: 17px;} .jet-sm-gb-cf1099e3-f98b-41c3-a463-08e3812aee5f .jet-form-builder__action-button:hover:not(:disabled){background-color: ;color: #000000;} .jet-sm-gb-cf1099e3-f98b-41c3-a463-08e3812aee5f .jet-form-builder__action-button-wrapper{justify-content: flex-start;} .jet-sm-gb-cf1099e3-f98b-41c3-a463-08e3812aee5f .jet-form-builder__action-button{justify-content: center;width: 100%; max-width: 100%;font-family: inherit; font-weight: 300; text-transform: inherit; font-style: inherit; text-decoration: inherit; line-height: 1; letter-spacing: 0px; font-size: 14px;background-color: #ebab4a;color: #ffffff;border-style:solid;border-width:1px 1px 1px 1px;border-radius:{{RADIUS}};border-color:#ebab4a;} .jet-sm-gb-f5744507-5abe-4c6a-93e2-949d702d7f67 .jet-form-builder__desc.jet-form-builder__desc.jet-form-builder__desc{background-color: ;} .jet-sm-gb-f5744507-5abe-4c6a-93e2-949d702d7f67 .jet-form-builder__field-wrap textarea{height: 100px; min-height: 100px;font-family: inherit; font-weight: 100; text-transform: inherit; font-style: inherit; text-decoration: inherit; line-height: 1.7; letter-spacing: 0px; font-size: 17px;} .jet-sm-gb-d09c7e71-e190-4de3-a124-7c16945fc156 .jet-form-builder__desc.jet-form-builder__desc.jet-form-builder__desc{background-color: ;} .jet-sm-gb-d09c7e71-e190-4de3-a124-7c16945fc156 .jet-form-builder__field-wrap .components-checkbox-control__input-container input:checked{background-color: #ebab4a;border-style:solid;border-width:{{WIDTH}};border-radius:{{RADIUS}};border-color:#ebab4a;} .jet-sm-gb-d09c7e71-e190-4de3-a124-7c16945fc156 .jet-form-builder__field-wrap label :checked + span::before{background-color: #ebab4a;border-style:solid;border-width:{{WIDTH}};border-radius:{{RADIUS}};border-color:#ebab4a;} .jet-sm-gb-d09c7e71-e190-4de3-a124-7c16945fc156 .jet-form-builder__field-wrap span::before{border-style:solid;border-width:1px 1px 1px 1px;border-radius:4px 4px 4px 4px;border-color:#767676;} .jet-sm-gb-d09c7e71-e190-4de3-a124-7c16945fc156 .jet-form-builder__field-wrap .components-checkbox-control__input-container input{border-style:solid;border-width:1px 1px 1px 1px;border-radius:4px 4px 4px 4px;border-color:#767676;} .jet-sm-gb-7631d2bc-f158-404e-9d8c-1a39f9806e89 .jet-form-builder__desc.jet-form-builder__desc.jet-form-builder__desc{background-color: ;} .jet-sm-gb-7631d2bc-f158-404e-9d8c-1a39f9806e89 .jet-form-builder__field-wrap span::before{border-style:solid;border-width:1px 1px 1px 1px;border-radius:4px 4px 4px 4px;border-color:#767676;} .jet-sm-gb-7631d2bc-f158-404e-9d8c-1a39f9806e89 .jet-form-builder__field-wrap .components-checkbox-control__input-container input{border-style:solid;border-width:1px 1px 1px 1px;border-radius:4px 4px 4px 4px;border-color:#767676;} .jet-sm-gb-7631d2bc-f158-404e-9d8c-1a39f9806e89 .jet-form-builder__field-wrap .components-checkbox-control__input-container input:checked{border-style:solid;border-width:1px 1px 1px 1px;border-radius:4px 4px 4px 4px;border-color:#ebab4a;background-color: #ebab4a;} .jet-sm-gb-7631d2bc-f158-404e-9d8c-1a39f9806e89 .jet-form-builder__field-wrap label :checked + span::before{border-style:solid;border-width:1px 1px 1px 1px;border-radius:4px 4px 4px 4px;border-color:#ebab4a;background-color: #ebab4a;} <\/style><form  class=\"jet-form-builder layout-column submit-type-ajax\" action=\"https:\/\/romanian-romance.com\/en\/wp-json\/wp\/v2\/pages\/16392\/?jet_form_builder_submit=submit&amp;method=reload\" method=\"POST\" data-form-id=\"631\" data-layout=\"column\" enctype=\"multipart\/form-data\" data-clear=\"1\" novalidate=\"null\">\r\n<input type=\"hidden\" name=\"_jfb_current_render_states[]\" value=\"DEFAULT.STATE\" data-jfb-sync \/><input type=\"hidden\" class=\"jet-form-builder__field hidden-field\" name=\"_jet_engine_booking_form_id\" data-field-name=\"_jet_engine_booking_form_id\" value=\"631\">\n<input type=\"hidden\" class=\"jet-form-builder__field hidden-field\" name=\"_jet_engine_refer\" data-field-name=\"_jet_engine_refer\" value=\"https:\/\/romanian-romance.com\/en\/wp-json\/wp\/v2\/pages\/16392\/\">\n<input type=\"hidden\" class=\"jet-form-builder__field hidden-field\" name=\"__queried_post_id\" data-field-name=\"__queried_post_id\" value=\"16392\">\n\n<div style=\"height:30px\" aria-hidden=\"true\" class=\"wp-block-spacer\"><\/div>\n\n\n<div class=\" jet-sm-gb-wrapper jet-sm-gb-8827859a-8425-4307-8549-9554b4d3e652\" data-block-id=\"jet-sm-gb-8827859a-8425-4307-8549-9554b4d3e652\" ><div  class=\"jet-form-builder-row field-type-text-field\" >\n<div class=\"jet-form-builder__field-wrap\">\n\t<input placeholder=\"Nume*\" required=\"required\" name=\"_stf_cp_nume\" id=\"_stf_cp_nume\" type=\"text\" data-field-name=\"_stf_cp_nume\" class=\"jet-form-builder__field text-field\" data-jfb-sync=\"null\">\n<\/div>\n<\/div><\/div>\n\n<div class=\" jet-sm-gb-wrapper jet-sm-gb-8827859a-8425-4307-8549-9554b4d3e652\" data-block-id=\"jet-sm-gb-8827859a-8425-4307-8549-9554b4d3e652\" ><div  class=\"jet-form-builder-row field-type-text-field\" >\n<div class=\"jet-form-builder__field-wrap\">\n\t<input placeholder=\"Email*\" required=\"required\" name=\"_stf_general_email\" id=\"_stf_general_email\" type=\"email\" data-field-name=\"_stf_general_email\" class=\"jet-form-builder__field text-field\" data-jfb-sync=\"null\">\n<\/div>\n<\/div><\/div>\n\n<div class=\" jet-sm-gb-wrapper jet-sm-gb-8827859a-8425-4307-8549-9554b4d3e652\" data-block-id=\"jet-sm-gb-8827859a-8425-4307-8549-9554b4d3e652\" ><div  class=\"jet-form-builder-row field-type-text-field\" >\n<div class=\"jet-form-builder__field-wrap\">\n\t<input placeholder=\"Subiect*\" required=\"required\" name=\"_stf_cp_subiect\" id=\"_stf_cp_subiect\" type=\"text\" data-field-name=\"_stf_cp_subiect\" class=\"jet-form-builder__field text-field\" data-jfb-sync=\"null\">\n<\/div>\n<\/div><\/div>\n\n<div class=\" jet-sm-gb-wrapper jet-sm-gb-f5744507-5abe-4c6a-93e2-949d702d7f67\" data-block-id=\"jet-sm-gb-f5744507-5abe-4c6a-93e2-949d702d7f67\" ><div  class=\"jet-form-builder-row field-type-textarea-field\" >\n<div class=\"jet-form-builder__field-wrap\">\n\t<textarea class=\"jet-form-builder__field textarea-field\" placeholder=\"Mesaj*\" required=\"required\" name=\"_stf_cp_mesaj\" data-field-name=\"_stf_cp_mesaj\" id=\"_stf_cp_mesaj\" data-jfb-sync=\"null\"><\/textarea>\n<\/div>\n<\/div><\/div>\n\n\n<div style=\"height:30px\" aria-hidden=\"true\" class=\"wp-block-spacer\"><\/div>\n\n\n<div class=\" jet-sm-gb-wrapper jet-sm-gb-7631d2bc-f158-404e-9d8c-1a39f9806e89\" data-block-id=\"jet-sm-gb-7631d2bc-f158-404e-9d8c-1a39f9806e89\" ><div  class=\"jet-form-builder-row field-type-checkbox-field\" >\n<div class=\"jet-form-builder__fields-group checkradio-wrap\" data-jfb-sync><div class=\"jet-form-builder__field-wrap checkboxes-wrap checkradio-wrap\"><label class=\"jet-form-builder__field-label for-checkbox\">\n<input type=\"checkbox\" name=\"_stf_general_acceptance\" value=\"ok\" data-field-name=\"_stf_general_acceptance\"  class=\"jet-form-builder__field checkboxes-field checkradio-field\"><span>M\u0103 abonez la newsletterul Romanian Romance<\/span><\/label><\/div><\/div>\n<\/div><\/div>\n\n<div class=\" jet-sm-gb-wrapper jet-sm-gb-d09c7e71-e190-4de3-a124-7c16945fc156\" data-block-id=\"jet-sm-gb-d09c7e71-e190-4de3-a124-7c16945fc156\" ><div  class=\"jet-form-builder-row field-type-checkbox-field\" >\n<div class=\"jet-form-builder__fields-group checkradio-wrap\" data-jfb-sync><div class=\"jet-form-builder__field-wrap checkboxes-wrap checkradio-wrap\"><label class=\"jet-form-builder__field-label for-checkbox\">\n<input type=\"checkbox\" name=\"_stf_cp_acord_politica\" value=\"Sunt de acord!\" data-field-name=\"_stf_cp_acord_politica\"  class=\"jet-form-builder__field checkboxes-field checkradio-field stf-form-link\" required=\"required\"><span><p>Am citit \u0219i sunt de acord cu&nbsp;<a href=\"\/politica-de-confidentialitate\/\" target=\"_blank\">Politica de Confiden\u021bialitate<\/a>&nbsp;a Romanian Romance<\/p><\/span><\/label><\/div><\/div>\n<\/div><\/div>\n\n\n<div style=\"height:30px\" aria-hidden=\"true\" class=\"wp-block-spacer\"><\/div>\n\n\n<div class=\" jet-sm-gb-wrapper jet-sm-gb-cf1099e3-f98b-41c3-a463-08e3812aee5f\" data-block-id=\"jet-sm-gb-cf1099e3-f98b-41c3-a463-08e3812aee5f\" ><input type=\"hidden\" class=\"captcha-token\" name=\"_captcha_token\" value=\"\"\/><div  class=\"jet-form-builder-row field-type-submit-field\" >\n\t<div data-type=\"submit\" class=\"jet-form-builder__action-button-wrapper jet-form-builder__submit-wrap\">\n\t<button class=\"jet-form-builder__action-button jet-form-builder__submit submit-type-ajax\" type=\"submit\">TRIMITE<\/button>\n\t<\/div>\n\t\n<\/div><\/div>\t<div class=\"jet-form-builder-messages-wrap\" data-form-id=\"631\"><\/div>\n<\/form>\n\t\t<\/div>\n\t\t\t\t<\/div>\n\t\t\t\t<\/div>\n\t\t\t\t\t<\/div>\n\t\t\t\t<\/div>\n\t\t\t\t\t\t\t<\/div>\n\t\t","protected":false},"excerpt":{"rendered":"<p>Pentru colabor\u0103ri v\u0103 rug\u0103m s\u0103 ne contacta\u021bi pe adresa de email\u00a0arm@romanian-romance.com. Pentru orice alte \u00eentreb\u0103ri v\u0103 rug\u0103m s\u0103 utiliza\u021bi formularul de mai jos. M\u0103 abonez la newsletterul Romanian Romance Am citit \u0219i sunt de acord cu&nbsp;Politica de Confiden\u021bialitate&nbsp;a Romanian Romance TRIMITE<\/p>\n","protected":false},"author":1,"featured_media":0,"parent":0,"menu_order":0,"comment_status":"closed","ping_status":"closed","template":"","meta":{"_jet_sm_ready_style":"","_jet_sm_style":"","_jet_sm_controls_values":"","_jet_sm_fonts_collection":"","_jet_sm_fonts_links":"","footnotes":""},"class_list":["post-16392","page","type-page","status-publish","hentry"],"_links":{"self":[{"href":"https:\/\/romanian-romance.com\/en\/wp-json\/wp\/v2\/pages\/16392","targetHints":{"allow":["GET"]}}],"collection":[{"href":"https:\/\/romanian-romance.com\/en\/wp-json\/wp\/v2\/pages"}],"about":[{"href":"https:\/\/romanian-romance.com\/en\/wp-json\/wp\/v2\/types\/page"}],"author":[{"embeddable":true,"href":"https:\/\/romanian-romance.com\/en\/wp-json\/wp\/v2\/users\/1"}],"replies":[{"embeddable":true,"href":"https:\/\/romanian-romance.com\/en\/wp-json\/wp\/v2\/comments?post=16392"}],"version-history":[{"count":77,"href":"https:\/\/romanian-romance.com\/en\/wp-json\/wp\/v2\/pages\/16392\/revisions"}],"predecessor-version":[{"id":21411,"href":"https:\/\/romanian-romance.com\/en\/wp-json\/wp\/v2\/pages\/16392\/revisions\/21411"}],"wp:attachment":[{"href":"https:\/\/romanian-romance.com\/en\/wp-json\/wp\/v2\/media?parent=16392"}],"curies":[{"name":"wp","href":"https:\/\/api.w.org\/{rel}","templated":true}]}}