{"id":16406,"date":"2023-04-04T16:17:49","date_gmt":"2023-04-04T13:17:49","guid":{"rendered":"https:\/\/romanian-romance.com\/politica-de-confidentialitate\/"},"modified":"2023-08-30T17:05:30","modified_gmt":"2023-08-30T14:05:30","slug":"politica-de-confidentialitate","status":"publish","type":"page","link":"https:\/\/romanian-romance.com\/en\/politica-de-confidentialitate\/","title":{"rendered":"Politica de confiden\u021bialitate"},"content":{"rendered":"<p>Aceast\u0103 pagin\u0103 v\u0103 informeaz\u0103 despre politicile noastre privind colectarea, utilizarea \u0219i divulgarea datelor cu caracter personal atunci c\u00e2nd utiliza\u021bi Serviciul nostru \u0219i op\u021biunile pe care le-a\u021bi asociat cu acele date. Politica noastr\u0103 de confiden\u021bialitate pentru Romanian Romance se bazeaz\u0103 pe modelul gratuit de site de politic\u0103 de confiden\u021bialitate. Folosim datele dvs. pentru a furniza \u0219i \u00eembun\u0103t\u0103\u021bi Serviciul. Prin utilizarea Serviciului, sunte\u021bi de acord cu colectarea \u0219i utilizarea informa\u021biilor \u00een conformitate cu aceast\u0103 politic\u0103. Cu excep\u021bia cazului \u00een care se definesc altfel \u00een aceast\u0103 Politic\u0103 de confiden\u021bialitate, termenii utiliza\u021bi \u00een au acelea\u0219i semnifica\u021bii ca \u0219i \u00een Termenii \u0219i condi\u021biile noastre, accesibile pe https:\/\/www.romanian-romance.com<\/p>\n<p><strong>Colectarea \u0219i utilizarea informa\u021biilor<\/strong><\/p>\n<p>Colect\u0103m mai multe tipuri de informa\u021bii cu diferite scopuri pentru a v\u0103 furniza \u0219i \u00eembun\u0103t\u0103\u021bi Serviciul nostru.<\/p>\n<p><strong>TIPURI DE DATE PERSONALE COLECTATE<\/strong><\/p>\n<p>\u00cen timpul utiliz\u0103rii Serviciului nostru, v\u0103 putem cere s\u0103 ne furniza\u021bi anumite informa\u021bii de identificare personal\u0103 care pot fi utilizate pentru a v\u0103 contacta sau a v\u0103 identifica (\u201eDate cu caracter personal\u201d). Informa\u021biile de identificare personal\u0103 pot include, dar nu se limiteaz\u0103 la:<\/p>\n<p>Adresa de email<\/p>\n<p>Cookies \u0219i date de utilizare<\/p>\n<p><strong>DATE DE URM\u0102RIRE \u0218I COOKIES<\/strong><\/p>\n<p>Utiliz\u0103m cookies \u0219i tehnologii similare de urm\u0103rire pentru a evalua activitatea Serviciului nostru \u0219i pentru a p\u0103stra anumite informa\u021bii. Cookies sunt fi\u0219ierele cu ni\u0219te cantit\u0103\u021bi mici de date care pot include un identificator unic anonim. Cookies sunt trimise c\u0103tre browserul dvs. de pe un site web \u0219i stocate pe dispozitivul dvs. Tehnologiile de urm\u0103rire utilizate sunt, de asemenea, etichete \u0219i scripturi pentru colectarea \u0219i urm\u0103rirea informa\u021biilor \u0219i pentru \u00eembun\u0103t\u0103\u021birea \u0219i analiza Serviciului nostru. Pute\u021bi instrui browserul dvs. s\u0103 refuze toate cookies sau s\u0103 indice c\u00e2nd este trimis un cookie. Cu toate acestea, dac\u0103 nu accepta\u021bi cookies, este posibil s\u0103 nu pute\u021bi utiliza unele por\u021biuni ale Serviciului nostru.<\/p>\n<p>Exemple de cookies pe care le folosim:<\/p>\n<p>Cookies de sesiune. Folosim cookies de sesiune pentru a opera Serviciul nostru.<\/p>\n<p>Cookies de preferin\u021b\u0103. Folosim cookies de preferin\u021b\u0103 pentru a ne aminti preferin\u021bele \u0219i diversele set\u0103ri.<\/p>\n<p>Cookies de securitate. Folosim cookiesde \u00a0securitate \u00een scopuri de securitate.<\/p>\n<p>Romanian Romance folose\u0219te datele colectate \u00een diferite scopuri:<\/p>\n<p>Pentru a furniza \u0219i \u00eentre\u021bine Serviciul<\/p>\n<p>Pentru a v\u0103 informa informa\u021bii despre modific\u0103rile aduse Serviciului nostru<\/p>\n<p>Pentru a v\u0103 permite s\u0103 participa\u021bi la caracteristicile interactive ale Serviciului nostru atunci c\u00e2nd alege\u021bi s\u0103 face\u021bi acest lucru<\/p>\n<p>Pentru a oferi asisten\u021b\u0103 clien\u021bilor<\/p>\n<p>Pentru a furniza analize sau informa\u021bii valoroase, astfel \u00eenc\u00e2t s\u0103 putem \u00eembun\u0103t\u0103\u021bi Serviciul<\/p>\n<p>Pentru a monitoriza utilizarea Serviciului<\/p>\n<p>Pentru a detecta, preveni \u0219i aborda probleme tehnice<\/p>\n<p>Transferul de date Romanian Romance va lua toate m\u0103surile necesare \u00een mod rezonabil pentru a se asigura c\u0103 datele dvs. sunt tratate \u00een siguran\u021b\u0103 \u0219i \u00een conformitate cu prezenta politic\u0103 de confiden\u021bialitate \u0219i niciun transfer al datelor dvs. personale nu va avea loc c\u0103tre o organiza\u021bie sau o \u021bar\u0103, cu excep\u021bia cazului \u00een care exist\u0103 controale adecvate, pentru securitatea datelor dvs. \u0219i a altor informa\u021bii personale.<\/p>\n<p>Dezv\u0103luirea securit\u0103\u021bii datelor<\/p>\n<p>Securitatea datelor dvs. este important\u0103 pentru noi, dar nu uita\u021bi c\u0103 nicio metod\u0103 de transmitere pe internet sau metod\u0103 de stocare electronic\u0103 nu este 100% sigur\u0103. \u00cen timp ce ne str\u0103duim s\u0103 folosim mijloace acceptabile din punct de vedere comercial pentru a v\u0103 proteja datele personale, nu putem garanta securitatea absolut\u0103 a acestora.<\/p>\n<p><strong>Furnizori de servicii<\/strong><\/p>\n<p>Putem angaja companii ter\u021be \u0219i persoane fizice pentru a facilita Serviciul nostru (\u201eFurnizori de servicii\u201d), pentru a furniza Serviciul \u00een numele nostrum sau pentru a ne ajuta s\u0103 analiz\u0103m modul \u00een care este utilizat Serviciul nostru. Aceste ter\u021be p\u0103r\u021bi au acces la Datele dvs. personale numai pentru a \u00eendeplini aceste sarcini \u00een numele nostru \u0219i sunt obliga\u021bi s\u0103 nu le divulge sau s\u0103 nu le utilizeze \u00een niciun alt scop.<\/p>\n<p><strong>ANALITICE<\/strong><\/p>\n<p>Putem folosi furnizori de servicii ter\u021bi pentru a monitoriza \u0219i analiza utilizarea serviciului nostru.<\/p>\n<p><strong>Google Analytics<\/strong><\/p>\n<p>Google Analytics este un serviciu de analiz\u0103 web oferit de Google care urm\u0103re\u0219te \u0219i raporteaz\u0103 traficul site-ului web. Google folose\u0219te datele colectate pentru a urm\u0103ri \u0219i monitoriza utilizarea Serviciului nostru. Aceste date sunt partajate cu alte servicii Google. Google poate utiliza datele colectate pentru a contextualiza \u0219i personaliza anun\u021burile propriei re\u021bele de publicitate. Pute\u021bi renun\u021ba la a v\u0103 pune la dispozi\u021bie Google Analytics activitatea dvs. pe Serviciu instal\u00e2nd programul de completare pentru browserul de renun\u021bare Google Analytics. Suplimentul \u00eempiedic\u0103 JavaScript Google Analytics (ga.js, analytics.js \u0219i dc.js) s\u0103 partajeze informa\u021bii cu Google Analytics despre activitatea vizitelor. Pentru mai multe informa\u021bii despre practicile de confiden\u021bialitate ale Google, v\u0103 rug\u0103m s\u0103 vizita\u021bi pagina de confiden\u021bialitate \u0219i Termeni Google: <a href=\"https:\/\/policies.google.com\/privacy?hl=ro\" target=\"_blank\" rel=\"noopener\">https:\/\/policies.google.com\/privacy?hl=ro<\/a><\/p>\n<p><strong>Modific\u0103ri ale acestei politici de confiden\u021bialitate<\/strong><\/p>\n<p>Ne putem actualiza Politica de confiden\u021bialitate din c\u00e2nd \u00een c\u00e2nd. V\u0103 vom notifica cu privire la orice modific\u0103ri prin postarea noii politici de confiden\u021bialitate pe aceast\u0103 pagin\u0103. V\u0103 sf\u0103tuim s\u0103 revizui\u021bi periodic aceast\u0103 politic\u0103 de confiden\u021bialitate pentru orice modificare. Modific\u0103rile aduse acestei politici de confiden\u021bialitate sunt eficiente atunci c\u00e2nd sunt postate pe aceast\u0103 pagin\u0103.<\/p>\n<p><strong>Contacta\u021bi-ne<\/strong><\/p>\n<p>Dac\u0103 ave\u021bi \u00eentreb\u0103ri cu privire la aceast\u0103 politic\u0103 de confiden\u021bialitate, v\u0103 rug\u0103m s\u0103 ne contacta\u021bi vizit\u00e2nd: <a href=\"https:\/\/romanian-romance.com\/get-in-touch\/\">https:\/\/romanian-romance.com\/get-in-touch\/<\/a><\/p>\n","protected":false},"excerpt":{"rendered":"<p>Aceast\u0103 pagin\u0103 v\u0103 informeaz\u0103 despre politicile noastre privind colectarea, utilizarea \u0219i divulgarea datelor cu caracter personal atunci c\u00e2nd utiliza\u021bi Serviciul nostru \u0219i op\u021biunile pe care le-a\u021bi asociat cu acele date. Politica noastr\u0103 de confiden\u021bialitate pentru Romanian Romance se bazeaz\u0103 pe modelul gratuit de site de politic\u0103 de confiden\u021bialitate. Folosim datele dvs. pentru a furniza \u0219i [&hellip;]<\/p>\n","protected":false},"author":1,"featured_media":0,"parent":0,"menu_order":0,"comment_status":"closed","ping_status":"closed","template":"","meta":{"_jet_sm_ready_style":"","_jet_sm_style":"","_jet_sm_controls_values":"","_jet_sm_fonts_collection":"","_jet_sm_fonts_links":"","footnotes":""},"class_list":["post-16406","page","type-page","status-publish","hentry"],"_links":{"self":[{"href":"https:\/\/romanian-romance.com\/en\/wp-json\/wp\/v2\/pages\/16406","targetHints":{"allow":["GET"]}}],"collection":[{"href":"https:\/\/romanian-romance.com\/en\/wp-json\/wp\/v2\/pages"}],"about":[{"href":"https:\/\/romanian-romance.com\/en\/wp-json\/wp\/v2\/types\/page"}],"author":[{"embeddable":true,"href":"https:\/\/romanian-romance.com\/en\/wp-json\/wp\/v2\/users\/1"}],"replies":[{"embeddable":true,"href":"https:\/\/romanian-romance.com\/en\/wp-json\/wp\/v2\/comments?post=16406"}],"version-history":[{"count":4,"href":"https:\/\/romanian-romance.com\/en\/wp-json\/wp\/v2\/pages\/16406\/revisions"}],"predecessor-version":[{"id":19057,"href":"https:\/\/romanian-romance.com\/en\/wp-json\/wp\/v2\/pages\/16406\/revisions\/19057"}],"wp:attachment":[{"href":"https:\/\/romanian-romance.com\/en\/wp-json\/wp\/v2\/media?parent=16406"}],"curies":[{"name":"wp","href":"https:\/\/api.w.org\/{rel}","templated":true}]}}